{"id":14,"date":"2020-12-22T08:07:49","date_gmt":"2020-12-22T08:07:49","guid":{"rendered":"https:\/\/samar.dexignzone.com\/wp\/elementor\/?page_id=14"},"modified":"2025-10-16T13:10:27","modified_gmt":"2025-10-16T18:10:27","slug":"home-1","status":"publish","type":"page","link":"https:\/\/www.avalogicsas.com\/","title":{"rendered":"Inicio"},"content":{"rendered":"\t\t<div data-elementor-type=\"wp-page\" data-elementor-id=\"14\" class=\"elementor elementor-14\">\n\t\t\t\t\t\t<section class=\"elementor-section elementor-top-section elementor-element elementor-element-1232b1a section-head style-1 elementor-section-full_width elementor-section-height-default elementor-section-height-default\" data-id=\"1232b1a\" data-element_type=\"section\">\n\t\t\t\t\t\t<div class=\"elementor-container elementor-column-gap-default\">\n\t\t\t\t\t<div class=\"elementor-column elementor-col-100 elementor-top-column elementor-element elementor-element-43f06a7\" data-id=\"43f06a7\" data-element_type=\"column\">\n\t\t\t<div class=\"elementor-widget-wrap elementor-element-populated\">\n\t\t\t\t\t\t<div class=\"elementor-element elementor-element-3f38eea elementor-widget elementor-widget-spacer\" data-id=\"3f38eea\" data-element_type=\"widget\" data-widget_type=\"spacer.default\">\n\t\t\t\t<div class=\"elementor-widget-container\">\n\t\t\t\t\t<div class=\"elementor-spacer\">\n\t\t\t<div class=\"elementor-spacer-inner\"><\/div>\n\t\t<\/div>\n\t\t\t\t<\/div>\n\t\t\t\t<\/div>\n\t\t\t\t<div class=\"elementor-element elementor-element-b95a17d title m-b20 elementor-widget elementor-widget-heading\" data-id=\"b95a17d\" data-element_type=\"widget\" data-widget_type=\"heading.default\">\n\t\t\t\t<div class=\"elementor-widget-container\">\n\t\t\t<h2 class=\"elementor-heading-title elementor-size-default\">Nuestros Aliados<\/h2>\t\t<\/div>\n\t\t\t\t<\/div>\n\t\t\t\t<div class=\"elementor-element elementor-element-42a5b68 elementor-widget elementor-widget-text-editor\" data-id=\"42a5b68\" data-element_type=\"widget\" data-widget_type=\"text-editor.default\">\n\t\t\t\t<div class=\"elementor-widget-container\">\n\t\t\t\t\t\t\t<div id=\"metaslider-id-3185\" style=\"width: 100%; margin: 0 auto;\" class=\"ml-slider-3-80-0 metaslider metaslider-flex metaslider-3185 ml-slider ms-theme-default nav-hidden\" role=\"region\" aria-roledescription=\"Slideshow\" aria-label=\"aliados\">\n    <div id=\"metaslider_container_3185\">\n        <div id=\"metaslider_3185\">\n            <ul class='slides'>\n                <li style=\"display: none; width: 100%;\" class=\"slide-3189 ms-image \" aria-roledescription=\"slide\" aria-label=\"slide-3189\"><a href=\"https:\/\/dosr.co\/\" target=\"_blank\"><img decoding=\"async\" src=\"https:\/\/www.avalogicsas.com\/wp-content\/uploads\/2022\/07\/logo-dosR-c.png\" height=\"46\" width=\"100\" alt=\"\" class=\"slider-3185 slide-3189\" title=\"dosr\" \/><\/a><\/li>\n                <li style=\"display: none; width: 100%;\" class=\"slide-3190 ms-image \" aria-roledescription=\"slide\" aria-label=\"slide-3190\"><a href=\"https:\/\/www.galgo.com\/co\" target=\"_blank\"><img decoding=\"async\" src=\"https:\/\/www.avalogicsas.com\/wp-content\/uploads\/2025\/10\/images11.png\" height=\"46\" width=\"100\" alt=\"\" class=\"slider-3185 slide-3190\" title=\"Galgo\" \/><\/a><\/li>\n                <li style=\"display: none; width: 100%;\" class=\"slide-3191 ms-image \" aria-roledescription=\"slide\" aria-label=\"slide-3191\"><a href=\"https:\/\/www.colcob.com\/\" target=\"_blank\"><img decoding=\"async\" src=\"https:\/\/www.avalogicsas.com\/wp-content\/uploads\/2022\/07\/logo-colcob-c.png\" height=\"46\" width=\"100\" alt=\"\" class=\"slider-3185 slide-3191\" title=\"Colcob\" \/><\/a><\/li>\n                <li style=\"display: none; width: 100%;\" class=\"slide-3192 ms-image \" aria-roledescription=\"slide\" aria-label=\"slide-3192\"><a href=\"https:\/\/resfinsas.com\/\" target=\"_blank\"><img loading=\"lazy\" decoding=\"async\" src=\"https:\/\/www.avalogicsas.com\/wp-content\/uploads\/2022\/07\/logo-resfin-c.png\" height=\"46\" width=\"100\" alt=\"\" class=\"slider-3185 slide-3192\" title=\"Resfin\" \/><\/a><\/li>\n                <li style=\"display: none; width: 100%;\" class=\"slide-3771 ms-image \" aria-roledescription=\"slide\" aria-label=\"slide-3771\"><a href=\"https:\/\/www.crediorbe.com\/\" target=\"_self\"><img loading=\"lazy\" decoding=\"async\" src=\"https:\/\/www.avalogicsas.com\/wp-content\/uploads\/2022\/07\/logo-crediOrbe-c.png\" height=\"46\" width=\"100\" alt=\"\" class=\"slider-3185 slide-3771\" title=\"CrediOrbe\" \/><\/a><\/li>\n            <\/ul>\n        <\/div>\n        \n    <\/div>\n<\/div>\t\t\t\t\t\t<\/div>\n\t\t\t\t<\/div>\n\t\t\t\t\t<\/div>\n\t\t<\/div>\n\t\t\t\t\t<\/div>\n\t\t<\/section>\n\t\t\t\t<section class=\"elementor-section elementor-top-section elementor-element elementor-element-9e90104 elementor-section-full_width elementor-section-height-default elementor-section-height-default\" data-id=\"9e90104\" data-element_type=\"section\">\n\t\t\t\t\t\t<div class=\"elementor-container elementor-column-gap-default\">\n\t\t\t\t\t<div class=\"elementor-column elementor-col-100 elementor-top-column elementor-element elementor-element-55b1fe4\" data-id=\"55b1fe4\" data-element_type=\"column\">\n\t\t\t<div class=\"elementor-widget-wrap elementor-element-populated\">\n\t\t\t\t\t\t<div class=\"elementor-element elementor-element-1fae732 elementor-widget elementor-widget-dz-content-box-4\" data-id=\"1fae732\" data-element_type=\"widget\" data-widget_type=\"dz-content-box-4.default\">\n\t\t\t\t<div class=\"elementor-widget-container\">\n\t\t\t<!-- About us -->\r\n<section class=\"content-inner about-wraper-1 dz-lazy-background\" >\r\n\t<div class=\"container\">\r\n\t\t<div class=\"row align-items-center\">\r\n\t\t\t\t\t\t\t<div class=\"col-lg-6 m-b30 wow fadeInLeft\" data-wow-duration=\"2s\" data-wow-delay=\"0.2s\">\r\n\t\t\t\t\t<div class=\"dz-media left\">\r\n\t\t\t\t\t\t<img loading=\"lazy\" decoding=\"async\" width=\"2560\" height=\"2034\" src=\"https:\/\/www.avalogicsas.com\/wp-content\/uploads\/2025\/07\/WhatsApp-Image-2025-06-18-at-9.35.12-AM-scaled.jpeg\" class=\"attachment-full size-full\" alt=\"Image\" \/>\t\t\t\t\t<\/div>\r\n\t\t\t\t<\/div>\r\n\t\t\t\t\t\t<div class=\"col-lg-6 m-b30 wow fadeInRight\" data-wow-duration=\"2s\" data-wow-delay=\"0.4s\">\r\n\t\t\t\t<div class=\"section-head style-1\">\r\n\t\t\t\t\t\t\t\t\t\t\t<h6 class=\"sub-title text-primary m-b15\">\r\n\t\t\t\t\t\t\tNosotros\t\t\t\t\t\t<\/h6>\r\n\t\t\t\t\t\t\t\t\t\t\t\t<h2 class=\"title m-b20\">\r\n\t\t\t\t\t\t\tAvalogic\t\t\t\t\t\t<\/h2>\r\n\t\t\t\t\t\t\t\t\t\t\t\t<p>\r\n\t\t\t\t\t\t\t<h6>MISI\u00d3N<\/h6><p>Ofrecemos a nuestros clientes alternativas innovadoras, eficaces y oportunas que faciliten el acceso a los m\u00e9todos de financiaci\u00f3n y la gesti\u00f3n de cobranza, manteniendo excelentes indicadores de riesgo y efectividad.<br \/>Conocemos el negocio de nuestro cliente y el perfil de su deudor.<\/p><h6>VISI\u00d3N<\/h6><p>Ser el mejor aliado de nuestros clientes, reconocidos por entregar siempre un servicio integral, con altos est\u00e1ndares de eficacia, rentabilidad y responsabilidad.<\/p><h6>VALORES CORPORATIVOS<\/h6>\t\t\t\t\t\t<\/p>\r\n\t\t\t\t\t\t\t\t\t<\/div>\r\n\t\t\t\t\t\t\t\t\t<ul class=\"list-check primary m-b0\">\r\n\t\t\t\t\t\t\t\t\t\t\t\t\t<li>Compromiso: respondemos a la confianza depositada en nosotros trabajando con entusiasmo\u00b8 diligencia y dedicaci\u00f3n<\/li>\r\n\t\t\t\t\t\t\t\t\t\t\t\t\t<li>Honestidad: Nuestras acciones y decisiones se basan en integridad\u00b8 lealtad y decoro.<\/li>\r\n\t\t\t\t\t\t\t\t\t\t\t\t\t<li>Responsabilidad: Comprometidos con nuestros clientes\u00b8 con la sociedad y con nosotros mismos\u00b8 emprendemos nuestras tareas con diligencia\u00b8 calidad y eficacia.<\/li>\r\n\t\t\t\t\t\t\t\t\t\t\t\t\t<li>Orientaci\u00f3n al servicio: atendemos efectivamente las necesidades de nuestros clientes internos y externos con disposici\u00f3n y entrega.<\/li>\r\n\t\t\t\t\t\t\t\t\t\t\t<\/ul>\r\n\t\t\t\t\t\t\t\t<\/div>\r\n\t\t\t\t\t<\/div>\r\n\t<\/div>\r\n<\/section>\r\n\t\t<\/div>\n\t\t\t\t<\/div>\n\t\t\t\t\t<\/div>\n\t\t<\/div>\n\t\t\t\t\t<\/div>\n\t\t<\/section>\n\t\t\t\t<section class=\"elementor-section elementor-top-section elementor-element elementor-element-0befa9b elementor-section-boxed elementor-section-height-default elementor-section-height-default\" data-id=\"0befa9b\" data-element_type=\"section\">\n\t\t\t\t\t\t<div class=\"elementor-container elementor-column-gap-default\">\n\t\t\t\t\t<div class=\"elementor-column elementor-col-100 elementor-top-column elementor-element elementor-element-87ef218\" data-id=\"87ef218\" data-element_type=\"column\">\n\t\t\t<div class=\"elementor-widget-wrap elementor-element-populated\">\n\t\t\t\t\t\t<div class=\"elementor-element elementor-element-176f50a elementor-widget elementor-widget-spacer\" data-id=\"176f50a\" data-element_type=\"widget\" data-widget_type=\"spacer.default\">\n\t\t\t\t<div class=\"elementor-widget-container\">\n\t\t\t\t\t<div class=\"elementor-spacer\">\n\t\t\t<div class=\"elementor-spacer-inner\"><\/div>\n\t\t<\/div>\n\t\t\t\t<\/div>\n\t\t\t\t<\/div>\n\t\t\t\t<div class=\"elementor-element elementor-element-d2305a0 elementor-widget elementor-widget-text-editor\" data-id=\"d2305a0\" data-element_type=\"widget\" data-widget_type=\"text-editor.default\">\n\t\t\t\t<div class=\"elementor-widget-container\">\n\t\t\t\t\t\t\t<p>L\u00ednea<\/p>\t\t\t\t\t\t<\/div>\n\t\t\t\t<\/div>\n\t\t\t\t<div class=\"elementor-element elementor-element-b771526 elementor-widget elementor-widget-heading\" data-id=\"b771526\" data-element_type=\"widget\" data-widget_type=\"heading.default\">\n\t\t\t\t<div class=\"elementor-widget-container\">\n\t\t\t<h2 class=\"elementor-heading-title elementor-size-default\">\u00c9tica<\/h2>\t\t<\/div>\n\t\t\t\t<\/div>\n\t\t\t\t<div class=\"elementor-element elementor-element-a22a48d elementor-widget elementor-widget-text-editor\" data-id=\"a22a48d\" data-element_type=\"widget\" data-widget_type=\"text-editor.default\">\n\t\t\t\t<div class=\"elementor-widget-container\">\n\t\t\t\t\t\t\t<p>Este canal est\u00e1 habilitado para que el p\u00fablico general pueda reportar, de manera confidencial, situaciones o comportamientos irregulares o que falten a nuestro c\u00f3digo de \u00e9tica o cualquier tema relacionado con lavado de activos, financiaci\u00f3n del terrorismo, corrupci\u00f3n, soborno, conflictos de inter\u00e9s, entre otros.<\/p>\t\t\t\t\t\t<\/div>\n\t\t\t\t<\/div>\n\t\t\t\t<div class=\"elementor-element elementor-element-74b2ab4 elementor-align-center elementor-widget elementor-widget-button\" data-id=\"74b2ab4\" data-element_type=\"widget\" data-widget_type=\"button.default\">\n\t\t\t\t<div class=\"elementor-widget-container\">\n\t\t\t\t\t\t\t<div class=\"elementor-button-wrapper\">\n\t\t\t\t\t<a class=\"elementor-button elementor-button-link elementor-size-sm\" href=\"https:\/\/www.avalogicsas.com\/index.php\/linea_etica\/\">\n\t\t\t\t\t\t<span class=\"elementor-button-content-wrapper\">\n\t\t\t\t\t\t\t\t\t<span class=\"elementor-button-text\">Haz clic aqu\u00ed<\/span>\n\t\t\t\t\t<\/span>\n\t\t\t\t\t<\/a>\n\t\t\t\t<\/div>\n\t\t\t\t\t\t<\/div>\n\t\t\t\t<\/div>\n\t\t\t\t<div class=\"elementor-element elementor-element-99379cc elementor-widget elementor-widget-text-editor\" data-id=\"99379cc\" data-element_type=\"widget\" data-widget_type=\"text-editor.default\">\n\t\t\t\t<div class=\"elementor-widget-container\">\n\t\t\t\t\t\t\t<p>Recuerda que la l\u00ednea \u00e9tica de Avalogic NO es el medio para atender PQRS relacionados con nuestros productos o servicios. Si ese es el caso, debes utilizar los canales de servicio al cliente dispuestos para ello, de lo contrario tu solicitud no podr\u00e1 ser atendida.<\/p>\t\t\t\t\t\t<\/div>\n\t\t\t\t<\/div>\n\t\t\t\t\t<\/div>\n\t\t<\/div>\n\t\t\t\t\t<\/div>\n\t\t<\/section>\n\t\t\t\t<section class=\"elementor-section elementor-top-section elementor-element elementor-element-6101add elementor-section-full_width elementor-section-height-default elementor-section-height-default\" data-id=\"6101add\" data-element_type=\"section\">\n\t\t\t\t\t\t<div class=\"elementor-container elementor-column-gap-custom\">\n\t\t\t\t\t<div class=\"elementor-column elementor-col-100 elementor-top-column elementor-element elementor-element-dd24970\" data-id=\"dd24970\" data-element_type=\"column\">\n\t\t\t<div class=\"elementor-widget-wrap elementor-element-populated\">\n\t\t\t\t\t\t<div class=\"elementor-element elementor-element-541523d elementor-widget elementor-widget-spacer\" data-id=\"541523d\" data-element_type=\"widget\" data-widget_type=\"spacer.default\">\n\t\t\t\t<div class=\"elementor-widget-container\">\n\t\t\t\t\t<div class=\"elementor-spacer\">\n\t\t\t<div class=\"elementor-spacer-inner\"><\/div>\n\t\t<\/div>\n\t\t\t\t<\/div>\n\t\t\t\t<\/div>\n\t\t\t\t<div class=\"elementor-element elementor-element-d33d6ab elementor-widget elementor-widget-text-editor\" data-id=\"d33d6ab\" data-element_type=\"widget\" data-widget_type=\"text-editor.default\">\n\t\t\t\t<div class=\"elementor-widget-container\">\n\t\t\t\t\t\t\t<p>Todo lo que necesitas a<\/p>\t\t\t\t\t\t<\/div>\n\t\t\t\t<\/div>\n\t\t\t\t<div class=\"elementor-element elementor-element-39f98b7 elementor-widget elementor-widget-heading\" data-id=\"39f98b7\" data-element_type=\"widget\" data-widget_type=\"heading.default\">\n\t\t\t\t<div class=\"elementor-widget-container\">\n\t\t\t<h2 class=\"elementor-heading-title elementor-size-default\">\u00a1Un clic!<\/h2>\t\t<\/div>\n\t\t\t\t<\/div>\n\t\t\t\t<div class=\"elementor-element elementor-element-119317f elementor-widget elementor-widget-spacer\" data-id=\"119317f\" data-element_type=\"widget\" data-widget_type=\"spacer.default\">\n\t\t\t\t<div class=\"elementor-widget-container\">\n\t\t\t\t\t<div class=\"elementor-spacer\">\n\t\t\t<div class=\"elementor-spacer-inner\"><\/div>\n\t\t<\/div>\n\t\t\t\t<\/div>\n\t\t\t\t<\/div>\n\t\t\t\t\t<\/div>\n\t\t<\/div>\n\t\t\t\t\t<\/div>\n\t\t<\/section>\n\t\t\t\t<section class=\"elementor-section elementor-top-section elementor-element elementor-element-a6d11f2 elementor-section-full_width elementor-section-height-default elementor-section-height-default\" data-id=\"a6d11f2\" data-element_type=\"section\" data-settings=\"{&quot;background_background&quot;:&quot;classic&quot;}\">\n\t\t\t\t\t\t<div class=\"elementor-container elementor-column-gap-default\">\n\t\t\t\t\t<div class=\"elementor-column elementor-col-33 elementor-top-column elementor-element elementor-element-346f8a9\" data-id=\"346f8a9\" data-element_type=\"column\">\n\t\t\t<div class=\"elementor-widget-wrap elementor-element-populated\">\n\t\t\t\t\t\t<div class=\"elementor-element elementor-element-b9254f9 elementor-view-stacked elementor-shape-circle elementor-position-top elementor-mobile-position-top elementor-widget elementor-widget-icon-box\" data-id=\"b9254f9\" data-element_type=\"widget\" data-widget_type=\"icon-box.default\">\n\t\t\t\t<div class=\"elementor-widget-container\">\n\t\t\t\t\t<div class=\"elementor-icon-box-wrapper\">\n\n\t\t\t\t\t\t<div class=\"elementor-icon-box-icon\">\n\t\t\t\t<a href=\"https:\/\/www.avalogicsas.com\/index.php\/lineas_atencion\/\" class=\"elementor-icon elementor-animation-\" tabindex=\"-1\">\n\t\t\t\t<i aria-hidden=\"true\" class=\"flaticon flaticon-paper-plane\"><\/i>\t\t\t\t<\/a>\n\t\t\t<\/div>\n\t\t\t\n\t\t\t\t\t\t<div class=\"elementor-icon-box-content\">\n\n\t\t\t\t\t\t\t\t\t<h3 class=\"elementor-icon-box-title\">\n\t\t\t\t\t\t<a href=\"https:\/\/www.avalogicsas.com\/index.php\/lineas_atencion\/\" >\n\t\t\t\t\t\t\tNegocia tu deuda\t\t\t\t\t\t<\/a>\n\t\t\t\t\t<\/h3>\n\t\t\t\t\n\t\t\t\t\t\t\t\t\t<p class=\"elementor-icon-box-description\">\n\t\t\t\t\t\tLleguemos a un acuerdo.\t\t\t\t\t<\/p>\n\t\t\t\t\n\t\t\t<\/div>\n\t\t\t\n\t\t<\/div>\n\t\t\t\t<\/div>\n\t\t\t\t<\/div>\n\t\t\t\t\t<\/div>\n\t\t<\/div>\n\t\t\t\t<div class=\"elementor-column elementor-col-33 elementor-top-column elementor-element elementor-element-f3513cd\" data-id=\"f3513cd\" data-element_type=\"column\">\n\t\t\t<div class=\"elementor-widget-wrap elementor-element-populated\">\n\t\t\t\t\t\t<div class=\"elementor-element elementor-element-7336ebd elementor-view-stacked elementor-shape-circle elementor-position-top elementor-mobile-position-top elementor-widget elementor-widget-icon-box\" data-id=\"7336ebd\" data-element_type=\"widget\" data-widget_type=\"icon-box.default\">\n\t\t\t\t<div class=\"elementor-widget-container\">\n\t\t\t\t\t<div class=\"elementor-icon-box-wrapper\">\n\n\t\t\t\t\t\t<div class=\"elementor-icon-box-icon\">\n\t\t\t\t<a href=\"https:\/\/www.avalogicsas.com\/index.php\/paga-tu-cuota\/\" class=\"elementor-icon elementor-animation-\" tabindex=\"-1\">\n\t\t\t\t<i aria-hidden=\"true\" class=\"flaticon flaticon-dollar\"><\/i>\t\t\t\t<\/a>\n\t\t\t<\/div>\n\t\t\t\n\t\t\t\t\t\t<div class=\"elementor-icon-box-content\">\n\n\t\t\t\t\t\t\t\t\t<h3 class=\"elementor-icon-box-title\">\n\t\t\t\t\t\t<a href=\"https:\/\/www.avalogicsas.com\/index.php\/paga-tu-cuota\/\" >\n\t\t\t\t\t\t\tPaga aqu\u00ed\t\t\t\t\t\t<\/a>\n\t\t\t\t\t<\/h3>\n\t\t\t\t\n\t\t\t\t\t\t\t\t\t<p class=\"elementor-icon-box-description\">\n\t\t\t\t\t\tDe forma f\u00e1cil y r\u00e1pida.\t\t\t\t\t<\/p>\n\t\t\t\t\n\t\t\t<\/div>\n\t\t\t\n\t\t<\/div>\n\t\t\t\t<\/div>\n\t\t\t\t<\/div>\n\t\t\t\t\t<\/div>\n\t\t<\/div>\n\t\t\t\t<div class=\"elementor-column elementor-col-33 elementor-top-column elementor-element elementor-element-e5e45bb\" data-id=\"e5e45bb\" data-element_type=\"column\">\n\t\t\t<div class=\"elementor-widget-wrap elementor-element-populated\">\n\t\t\t\t\t\t<div class=\"elementor-element elementor-element-e3f5944 elementor-view-stacked elementor-shape-circle elementor-position-top elementor-mobile-position-top elementor-widget elementor-widget-icon-box\" data-id=\"e3f5944\" data-element_type=\"widget\" data-widget_type=\"icon-box.default\">\n\t\t\t\t<div class=\"elementor-widget-container\">\n\t\t\t\t\t<div class=\"elementor-icon-box-wrapper\">\n\n\t\t\t\t\t\t<div class=\"elementor-icon-box-icon\">\n\t\t\t\t<a href=\"https:\/\/www.avalogicsas.com\/index.php\/contacto\/\" class=\"elementor-icon elementor-animation-\" tabindex=\"-1\">\n\t\t\t\t<i aria-hidden=\"true\" class=\"flaticon flaticon-smile\"><\/i>\t\t\t\t<\/a>\n\t\t\t<\/div>\n\t\t\t\n\t\t\t\t\t\t<div class=\"elementor-icon-box-content\">\n\n\t\t\t\t\t\t\t\t\t<h3 class=\"elementor-icon-box-title\">\n\t\t\t\t\t\t<a href=\"https:\/\/www.avalogicsas.com\/index.php\/contacto\/\" >\n\t\t\t\t\t\t\tHablemos\t\t\t\t\t\t<\/a>\n\t\t\t\t\t<\/h3>\n\t\t\t\t\n\t\t\t\t\t\t\t\t\t<p class=\"elementor-icon-box-description\">\n\t\t\t\t\t\t\u00bfPodemos ayudarte en algo?\t\t\t\t\t<\/p>\n\t\t\t\t\n\t\t\t<\/div>\n\t\t\t\n\t\t<\/div>\n\t\t\t\t<\/div>\n\t\t\t\t<\/div>\n\t\t\t\t\t<\/div>\n\t\t<\/div>\n\t\t\t\t\t<\/div>\n\t\t<\/section>\n\t\t\t\t<section class=\"elementor-section elementor-top-section elementor-element elementor-element-02cb9ce elementor-section-full_width elementor-section-height-default elementor-section-height-default\" data-id=\"02cb9ce\" data-element_type=\"section\" data-settings=\"{&quot;background_background&quot;:&quot;classic&quot;}\">\n\t\t\t\t\t\t<div class=\"elementor-container elementor-column-gap-default\">\n\t\t\t\t\t<div class=\"elementor-column elementor-col-100 elementor-top-column elementor-element elementor-element-f79a551\" data-id=\"f79a551\" data-element_type=\"column\">\n\t\t\t<div class=\"elementor-widget-wrap elementor-element-populated\">\n\t\t\t\t\t\t<div class=\"elementor-element elementor-element-88663cf elementor-widget elementor-widget-spacer\" data-id=\"88663cf\" data-element_type=\"widget\" data-widget_type=\"spacer.default\">\n\t\t\t\t<div class=\"elementor-widget-container\">\n\t\t\t\t\t<div class=\"elementor-spacer\">\n\t\t\t<div class=\"elementor-spacer-inner\"><\/div>\n\t\t<\/div>\n\t\t\t\t<\/div>\n\t\t\t\t<\/div>\n\t\t\t\t\t<\/div>\n\t\t<\/div>\n\t\t\t\t\t<\/div>\n\t\t<\/section>\n\t\t\t\t<section class=\"elementor-section elementor-top-section elementor-element elementor-element-faddf92 elementor-section-full_width elementor-section-height-default elementor-section-height-default\" data-id=\"faddf92\" data-element_type=\"section\" data-settings=\"{&quot;background_background&quot;:&quot;classic&quot;}\">\n\t\t\t\t\t\t<div class=\"elementor-container elementor-column-gap-default\">\n\t\t\t\t\t<div class=\"elementor-column elementor-col-33 elementor-top-column elementor-element elementor-element-026f4ee\" data-id=\"026f4ee\" data-element_type=\"column\">\n\t\t\t<div class=\"elementor-widget-wrap elementor-element-populated\">\n\t\t\t\t\t\t<div class=\"elementor-element elementor-element-2d88b75 elementor-view-stacked elementor-shape-circle elementor-widget elementor-widget-icon\" data-id=\"2d88b75\" data-element_type=\"widget\" data-widget_type=\"icon.default\">\n\t\t\t\t<div class=\"elementor-widget-container\">\n\t\t\t\t\t<div class=\"elementor-icon-wrapper\">\n\t\t\t<div class=\"elementor-icon\">\n\t\t\t<i aria-hidden=\"true\" class=\"la  la-city\"><\/i>\t\t\t<\/div>\n\t\t<\/div>\n\t\t\t\t<\/div>\n\t\t\t\t<\/div>\n\t\t\t\t<div class=\"elementor-element elementor-element-a1bdba8 elementor-widget elementor-widget-counter\" data-id=\"a1bdba8\" data-element_type=\"widget\" data-widget_type=\"counter.default\">\n\t\t\t\t<div class=\"elementor-widget-container\">\n\t\t\t\t\t<div class=\"elementor-counter\">\n\t\t\t<div class=\"elementor-counter-title\">Ciudades con cobertura<\/div>\t\t\t<div class=\"elementor-counter-number-wrapper\">\n\t\t\t\t<span class=\"elementor-counter-number-prefix\"><\/span>\n\t\t\t\t<span class=\"elementor-counter-number\" data-duration=\"2000\" data-to-value=\"32\" data-from-value=\"0\" data-delimiter=\",\">0<\/span>\n\t\t\t\t<span class=\"elementor-counter-number-suffix\"><\/span>\n\t\t\t<\/div>\n\t\t<\/div>\n\t\t\t\t<\/div>\n\t\t\t\t<\/div>\n\t\t\t\t\t<\/div>\n\t\t<\/div>\n\t\t\t\t<div class=\"elementor-column elementor-col-33 elementor-top-column elementor-element elementor-element-1a79f48\" data-id=\"1a79f48\" data-element_type=\"column\">\n\t\t\t<div class=\"elementor-widget-wrap elementor-element-populated\">\n\t\t\t\t\t\t<div class=\"elementor-element elementor-element-b4575c1 elementor-view-stacked elementor-shape-circle elementor-widget elementor-widget-icon\" data-id=\"b4575c1\" data-element_type=\"widget\" data-widget_type=\"icon.default\">\n\t\t\t\t<div class=\"elementor-widget-container\">\n\t\t\t\t\t<div class=\"elementor-icon-wrapper\">\n\t\t\t<div class=\"elementor-icon\">\n\t\t\t<i aria-hidden=\"true\" class=\"flaticon flaticon-check\"><\/i>\t\t\t<\/div>\n\t\t<\/div>\n\t\t\t\t<\/div>\n\t\t\t\t<\/div>\n\t\t\t\t<div class=\"elementor-element elementor-element-5019616 elementor-widget elementor-widget-counter\" data-id=\"5019616\" data-element_type=\"widget\" data-widget_type=\"counter.default\">\n\t\t\t\t<div class=\"elementor-widget-container\">\n\t\t\t\t\t<div class=\"elementor-counter\">\n\t\t\t<div class=\"elementor-counter-title\">Avales aprobados<\/div>\t\t\t<div class=\"elementor-counter-number-wrapper\">\n\t\t\t\t<span class=\"elementor-counter-number-prefix\">+<\/span>\n\t\t\t\t<span class=\"elementor-counter-number\" data-duration=\"2000\" data-to-value=\"72\" data-from-value=\"30\" data-delimiter=\",\">30<\/span>\n\t\t\t\t<span class=\"elementor-counter-number-suffix\">Mil<\/span>\n\t\t\t<\/div>\n\t\t<\/div>\n\t\t\t\t<\/div>\n\t\t\t\t<\/div>\n\t\t\t\t\t<\/div>\n\t\t<\/div>\n\t\t\t\t<div class=\"elementor-column elementor-col-33 elementor-top-column elementor-element elementor-element-21e6d97\" data-id=\"21e6d97\" data-element_type=\"column\">\n\t\t\t<div class=\"elementor-widget-wrap elementor-element-populated\">\n\t\t\t\t\t\t<div class=\"elementor-element elementor-element-9232b41 elementor-view-stacked elementor-shape-circle elementor-widget elementor-widget-icon\" data-id=\"9232b41\" data-element_type=\"widget\" data-widget_type=\"icon.default\">\n\t\t\t\t<div class=\"elementor-widget-container\">\n\t\t\t\t\t<div class=\"elementor-icon-wrapper\">\n\t\t\t<div class=\"elementor-icon\">\n\t\t\t<i aria-hidden=\"true\" class=\"flaticon flaticon-confetti\"><\/i>\t\t\t<\/div>\n\t\t<\/div>\n\t\t\t\t<\/div>\n\t\t\t\t<\/div>\n\t\t\t\t<div class=\"elementor-element elementor-element-3a2e85f elementor-widget elementor-widget-counter\" data-id=\"3a2e85f\" data-element_type=\"widget\" data-widget_type=\"counter.default\">\n\t\t\t\t<div class=\"elementor-widget-container\">\n\t\t\t\t\t<div class=\"elementor-counter\">\n\t\t\t<div class=\"elementor-counter-title\">A\u00f1os en el mercado<\/div>\t\t\t<div class=\"elementor-counter-number-wrapper\">\n\t\t\t\t<span class=\"elementor-counter-number-prefix\">+<\/span>\n\t\t\t\t<span class=\"elementor-counter-number\" data-duration=\"2000\" data-to-value=\"8\" data-from-value=\"1\" data-delimiter=\",\">1<\/span>\n\t\t\t\t<span class=\"elementor-counter-number-suffix\"><\/span>\n\t\t\t<\/div>\n\t\t<\/div>\n\t\t\t\t<\/div>\n\t\t\t\t<\/div>\n\t\t\t\t\t<\/div>\n\t\t<\/div>\n\t\t\t\t\t<\/div>\n\t\t<\/section>\n\t\t\t\t<section class=\"elementor-section elementor-top-section elementor-element elementor-element-f3f1cd3 elementor-section-full_width elementor-section-height-default elementor-section-height-default\" data-id=\"f3f1cd3\" data-element_type=\"section\" data-settings=\"{&quot;background_background&quot;:&quot;classic&quot;}\">\n\t\t\t\t\t\t<div class=\"elementor-container elementor-column-gap-default\">\n\t\t\t\t\t<div class=\"elementor-column elementor-col-100 elementor-top-column elementor-element elementor-element-9819b9c\" data-id=\"9819b9c\" data-element_type=\"column\">\n\t\t\t<div class=\"elementor-widget-wrap elementor-element-populated\">\n\t\t\t\t\t\t<div class=\"elementor-element elementor-element-4ef6c04 elementor-widget elementor-widget-spacer\" data-id=\"4ef6c04\" data-element_type=\"widget\" data-widget_type=\"spacer.default\">\n\t\t\t\t<div class=\"elementor-widget-container\">\n\t\t\t\t\t<div class=\"elementor-spacer\">\n\t\t\t<div class=\"elementor-spacer-inner\"><\/div>\n\t\t<\/div>\n\t\t\t\t<\/div>\n\t\t\t\t<\/div>\n\t\t\t\t\t<\/div>\n\t\t<\/div>\n\t\t\t\t\t<\/div>\n\t\t<\/section>\n\t\t\t\t<\/div>\n\t\t","protected":false},"excerpt":{"rendered":"<p>Nuestros Aliados Nosotros Avalogic MISI\u00d3N Ofrecemos a nuestros clientes alternativas innovadoras, eficaces y oportunas que faciliten el acceso a los m\u00e9todos de financiaci\u00f3n y la gesti\u00f3n de cobranza, manteniendo excelentes <\/p>\n","protected":false},"author":1,"featured_media":0,"parent":0,"menu_order":0,"comment_status":"closed","ping_status":"closed","template":"samar_homepage.php","meta":{"footnotes":""},"class_list":["post-14","page","type-page","status-publish","hentry"],"_links":{"self":[{"href":"https:\/\/www.avalogicsas.com\/index.php\/wp-json\/wp\/v2\/pages\/14","targetHints":{"allow":["GET"]}}],"collection":[{"href":"https:\/\/www.avalogicsas.com\/index.php\/wp-json\/wp\/v2\/pages"}],"about":[{"href":"https:\/\/www.avalogicsas.com\/index.php\/wp-json\/wp\/v2\/types\/page"}],"author":[{"embeddable":true,"href":"https:\/\/www.avalogicsas.com\/index.php\/wp-json\/wp\/v2\/users\/1"}],"replies":[{"embeddable":true,"href":"https:\/\/www.avalogicsas.com\/index.php\/wp-json\/wp\/v2\/comments?post=14"}],"version-history":[{"count":439,"href":"https:\/\/www.avalogicsas.com\/index.php\/wp-json\/wp\/v2\/pages\/14\/revisions"}],"predecessor-version":[{"id":3764,"href":"https:\/\/www.avalogicsas.com\/index.php\/wp-json\/wp\/v2\/pages\/14\/revisions\/3764"}],"wp:attachment":[{"href":"https:\/\/www.avalogicsas.com\/index.php\/wp-json\/wp\/v2\/media?parent=14"}],"curies":[{"name":"wp","href":"https:\/\/api.w.org\/{rel}","templated":true}]}}