{"id":2904,"date":"2022-08-15T21:35:04","date_gmt":"2022-08-16T02:35:04","guid":{"rendered":"https:\/\/www.avalogicsas.com\/?page_id=2904"},"modified":"2023-07-25T19:19:22","modified_gmt":"2023-07-26T00:19:22","slug":"crediorbe","status":"publish","type":"page","link":"https:\/\/www.avalogicsas.com\/index.php\/crediorbe\/","title":{"rendered":"CrediOrbe"},"content":{"rendered":"\t\t<div data-elementor-type=\"wp-page\" data-elementor-id=\"2904\" class=\"elementor elementor-2904\">\n\t\t\t\t\t\t<section class=\"elementor-section elementor-top-section elementor-element elementor-element-54928ea elementor-section-boxed elementor-section-height-default elementor-section-height-default\" data-id=\"54928ea\" data-element_type=\"section\">\n\t\t\t\t\t\t<div class=\"elementor-container elementor-column-gap-default\">\n\t\t\t\t\t<div class=\"elementor-column elementor-col-100 elementor-top-column elementor-element elementor-element-aa1ed9c\" data-id=\"aa1ed9c\" data-element_type=\"column\">\n\t\t\t<div class=\"elementor-widget-wrap elementor-element-populated\">\n\t\t\t\t\t\t<div class=\"elementor-element elementor-element-3fa6708 elementor-widget elementor-widget-spacer\" data-id=\"3fa6708\" data-element_type=\"widget\" data-widget_type=\"spacer.default\">\n\t\t\t\t<div class=\"elementor-widget-container\">\n\t\t\t\t\t<div class=\"elementor-spacer\">\n\t\t\t<div class=\"elementor-spacer-inner\"><\/div>\n\t\t<\/div>\n\t\t\t\t<\/div>\n\t\t\t\t<\/div>\n\t\t\t\t\t<\/div>\n\t\t<\/div>\n\t\t\t\t\t<\/div>\n\t\t<\/section>\n\t\t\t\t<section class=\"elementor-section elementor-top-section elementor-element elementor-element-e6919a0 elementor-section-boxed elementor-section-height-default elementor-section-height-default\" data-id=\"e6919a0\" data-element_type=\"section\">\n\t\t\t\t\t\t<div class=\"elementor-container elementor-column-gap-default\">\n\t\t\t\t\t<div class=\"elementor-column elementor-col-100 elementor-top-column elementor-element elementor-element-15dc1e5\" data-id=\"15dc1e5\" data-element_type=\"column\">\n\t\t\t<div class=\"elementor-widget-wrap elementor-element-populated\">\n\t\t\t\t\t\t<div class=\"elementor-element elementor-element-d822098 elementor-widget elementor-widget-image\" data-id=\"d822098\" data-element_type=\"widget\" data-widget_type=\"image.default\">\n\t\t\t\t<div class=\"elementor-widget-container\">\n\t\t\t\t\t\t\t\t\t\t\t\t\t<img decoding=\"async\" width=\"100\" height=\"46\" src=\"https:\/\/www.avalogicsas.com\/wp-content\/uploads\/2022\/07\/logo-crediOrbe-c.png\" class=\"attachment-medium size-medium wp-image-2589\" alt=\"\" \/>\t\t\t\t\t\t\t\t\t\t\t\t\t<\/div>\n\t\t\t\t<\/div>\n\t\t\t\t<div class=\"elementor-element elementor-element-22d581a elementor-widget elementor-widget-text-editor\" data-id=\"22d581a\" data-element_type=\"widget\" data-widget_type=\"text-editor.default\">\n\t\t\t\t<div class=\"elementor-widget-container\">\n\t\t\t\t\t\t\t<p>Elige por d\u00f3nde hacer tu pago<\/p>\t\t\t\t\t\t<\/div>\n\t\t\t\t<\/div>\n\t\t\t\t<div class=\"elementor-element elementor-element-552c87a elementor-widget elementor-widget-spacer\" data-id=\"552c87a\" data-element_type=\"widget\" data-widget_type=\"spacer.default\">\n\t\t\t\t<div class=\"elementor-widget-container\">\n\t\t\t\t\t<div class=\"elementor-spacer\">\n\t\t\t<div class=\"elementor-spacer-inner\"><\/div>\n\t\t<\/div>\n\t\t\t\t<\/div>\n\t\t\t\t<\/div>\n\t\t\t\t\t<\/div>\n\t\t<\/div>\n\t\t\t\t\t<\/div>\n\t\t<\/section>\n\t\t\t\t<section class=\"elementor-section elementor-top-section elementor-element elementor-element-661d5b2 elementor-section-boxed elementor-section-height-default elementor-section-height-default\" data-id=\"661d5b2\" data-element_type=\"section\">\n\t\t\t\t\t\t<div class=\"elementor-container elementor-column-gap-default\">\n\t\t\t\t\t<div class=\"elementor-column elementor-col-100 elementor-top-column elementor-element elementor-element-bf6e0d1\" data-id=\"bf6e0d1\" data-element_type=\"column\">\n\t\t\t<div class=\"elementor-widget-wrap elementor-element-populated\">\n\t\t\t\t\t\t<div class=\"elementor-element elementor-element-328c8e4 elementor-widget elementor-widget-accordion\" data-id=\"328c8e4\" data-element_type=\"widget\" data-widget_type=\"accordion.default\">\n\t\t\t\t<div class=\"elementor-widget-container\">\n\t\t\t\t\t<div class=\"elementor-accordion\">\n\t\t\t\t\t\t\t<div class=\"elementor-accordion-item\">\n\t\t\t\t\t<div id=\"elementor-tab-title-5301\" class=\"elementor-tab-title\" data-tab=\"1\" role=\"button\" aria-controls=\"elementor-tab-content-5301\" aria-expanded=\"false\">\n\t\t\t\t\t\t\t\t\t\t\t\t\t<span class=\"elementor-accordion-icon elementor-accordion-icon-right\" aria-hidden=\"true\">\n\t\t\t\t\t\t\t\t\t\t\t\t\t\t\t<span class=\"elementor-accordion-icon-closed\"><i class=\"fas fa-plus\"><\/i><\/span>\n\t\t\t\t\t\t\t\t<span class=\"elementor-accordion-icon-opened\"><i class=\"fas fa-minus\"><\/i><\/span>\n\t\t\t\t\t\t\t\t\t\t\t\t\t\t<\/span>\n\t\t\t\t\t\t\t\t\t\t\t\t<a class=\"elementor-accordion-title\" tabindex=\"0\">Paga con tu c\u00e9dula<\/a>\n\t\t\t\t\t<\/div>\n\t\t\t\t\t<div id=\"elementor-tab-content-5301\" class=\"elementor-tab-content elementor-clearfix\" data-tab=\"1\" role=\"region\" aria-labelledby=\"elementor-tab-title-5301\"><table border=\"0\" cellpadding=\"1\" cellspacing=\"1\" style=\"width:auto\">\n\t<tbody>\n\t\t<tr>\n\t\t\t<td style=\"width:723px\">\n\t\t\t<p>Ac&eacute;rcate solo con tu c&eacute;dula a cualquiera a los<strong>&nbsp;puntos de pago Efecty a nivel nacional<\/strong>&nbsp;y realiza tu pago<\/p>\n\n\t\t\t<p><strong>N&uacute;mero de Convenio:<\/strong>&nbsp;5004<br \/>\n\t\t\t<strong>Informa:<\/strong>&nbsp;N&uacute;mero de c&eacute;dula del titular<br \/>\n\t\t\t<strong>Indica:<\/strong>&nbsp;Valor a pagar<br \/>\n\t\t\t<strong>&iexcl;Y listo!<\/strong><\/p>\n\t\t\t<\/td>\n\t\t\t<td style=\"width:336px\"><img decoding=\"async\" alt=\"Efecty Punto de Pago CrediOrbe\" src=\"https:\/\/www.crediorbe.com\/wp-content\/uploads\/2021\/05\/Efecty.png\" \/><\/td>\n\t\t<\/tr>\n\t\t<tr>\n\t\t\t<td style=\"width:723px\">\n\t\t\t<p><strong>Cr&eacute;dito de libre inversi&oacute;n<\/strong><\/p>\n\n\t\t\t<p>Ac&eacute;rcate a nuestra sede ubicada en<strong>&nbsp;Itag&uuml;i-Antioquia ,&nbsp;<a href=\"https:\/\/www.google.com\/maps\/place\/Cra.+43+%2344-60,+Itag%C3%BCi,+Antioquia\/@6.1662141,-75.6114477,17z\/data=!3m1!4b1!4m5!3m4!1s0x8e4683d2dbfeed25:0x958d1c12d46f73f0!8m2!3d6.1662141!4d-75.6114477\" rel=\"noopener\" target=\"_blank\">Carrera 43 #44-60<\/a>&nbsp;<\/strong>Y paga con tu n&uacute;mero de documento<\/p>\n\n\t\t\t<p>&iexcl;As&iacute; de f&aacute;cil!<\/p>\n\t\t\t<\/td>\n\t\t\t<td style=\"width:336px\">\n\t\t\t<h3>&nbsp;<\/h3>\n\t\t\t<\/td>\n\t\t<\/tr>\n\t<\/tbody>\n<\/table><\/div>\n\t\t\t\t<\/div>\n\t\t\t\t\t\t\t<div class=\"elementor-accordion-item\">\n\t\t\t\t\t<div id=\"elementor-tab-title-5302\" class=\"elementor-tab-title\" data-tab=\"2\" role=\"button\" aria-controls=\"elementor-tab-content-5302\" aria-expanded=\"false\">\n\t\t\t\t\t\t\t\t\t\t\t\t\t<span class=\"elementor-accordion-icon elementor-accordion-icon-right\" aria-hidden=\"true\">\n\t\t\t\t\t\t\t\t\t\t\t\t\t\t\t<span class=\"elementor-accordion-icon-closed\"><i class=\"fas fa-plus\"><\/i><\/span>\n\t\t\t\t\t\t\t\t<span class=\"elementor-accordion-icon-opened\"><i class=\"fas fa-minus\"><\/i><\/span>\n\t\t\t\t\t\t\t\t\t\t\t\t\t\t<\/span>\n\t\t\t\t\t\t\t\t\t\t\t\t<a class=\"elementor-accordion-title\" tabindex=\"0\">Paga en l\u00ednea<\/a>\n\t\t\t\t\t<\/div>\n\t\t\t\t\t<div id=\"elementor-tab-content-5302\" class=\"elementor-tab-content elementor-clearfix\" data-tab=\"2\" role=\"region\" aria-labelledby=\"elementor-tab-title-5302\"><table style=\"width: auto;\" border=\"0\" cellspacing=\"1\" cellpadding=\"1\"><tbody><tr><td style=\"width: 723px;\"><p><strong>\u00a1Desde tu casa!<\/strong><br \/>Si conoces el proceso de pago por internet de tu banco,\u00a0<a href=\"https:\/\/www.psepagos.co\/PSEHostingUI\/ShowTicketOffice.aspx?ID=2680\" target=\"_blank\" rel=\"noopener noreferrer\"><strong>ingresa aqu\u00ed<\/strong><\/a>\u00a0para realizar tu pago desde tu casa.<\/p><\/td><td style=\"width: 336px;\"><a href=\"https:\/\/www.psepagos.co\/PSEHostingUI\/ShowTicketOffice.aspx?ID=2680\" target=\"_blank\" rel=\"noopener\"><img decoding=\"async\" class=\"\" style=\"height: 75px; width: 121px;\" title=\"Puntos de pago 4\" src=\"https:\/\/www.crediorbe.com\/wp-content\/uploads\/2019\/12\/PSE.png\" alt=\"pse punto de pago crediorbe\" \/><\/a><\/td><\/tr><tr><td style=\"width: 723px;\"><p><strong>Desde tu celular con la App Daviplata<\/strong><br \/><strong>\u00a1Paga en menos de 2 minutos tu cuota!<\/strong><\/p><p>Ingresa a \u201cPagar\u201d &gt; Selecciona \u201cEscribir los datos del recibo\u201d &gt; Busca a \u201cCREDITOS ORBE SAS\u201d &gt; Diligencia la c\u00e9dula del titular del cr\u00e9dito &gt; Ingresa el valor a pagar &gt; \u00a1Listo!<\/p><\/td><td style=\"width: 336px;\"><a href=\"https:\/\/www.psepagos.co\/PSEHostingUI\/ShowTicketOffice.aspx?ID=2680\" target=\"_blank\" rel=\"noopener\"><img decoding=\"async\" class=\"\" style=\"height: 70px; width: 113px;\" title=\"Puntos de pago 5\" src=\"https:\/\/www.crediorbe.com\/wp-content\/uploads\/2021\/01\/Daviplata.png\" alt=\"Puntos de pago 3\" \/><\/a><\/td><\/tr><\/tbody><\/table><\/div>\n\t\t\t\t<\/div>\n\t\t\t\t\t\t\t<div class=\"elementor-accordion-item\">\n\t\t\t\t\t<div id=\"elementor-tab-title-5303\" class=\"elementor-tab-title\" data-tab=\"3\" role=\"button\" aria-controls=\"elementor-tab-content-5303\" aria-expanded=\"false\">\n\t\t\t\t\t\t\t\t\t\t\t\t\t<span class=\"elementor-accordion-icon elementor-accordion-icon-right\" aria-hidden=\"true\">\n\t\t\t\t\t\t\t\t\t\t\t\t\t\t\t<span class=\"elementor-accordion-icon-closed\"><i class=\"fas fa-plus\"><\/i><\/span>\n\t\t\t\t\t\t\t\t<span class=\"elementor-accordion-icon-opened\"><i class=\"fas fa-minus\"><\/i><\/span>\n\t\t\t\t\t\t\t\t\t\t\t\t\t\t<\/span>\n\t\t\t\t\t\t\t\t\t\t\t\t<a class=\"elementor-accordion-title\" tabindex=\"0\">CrediClub, paga en punto de venta<\/a>\n\t\t\t\t\t<\/div>\n\t\t\t\t\t<div id=\"elementor-tab-content-5303\" class=\"elementor-tab-content elementor-clearfix\" data-tab=\"3\" role=\"region\" aria-labelledby=\"elementor-tab-title-5303\"><table style=\"width: auto;\" border=\"0\" cellspacing=\"1\" cellpadding=\"1\"><tbody><tr><td style=\"width: 723px;\"><h3>Cartagena<\/h3><p><strong>Dismerca Santa M\u00f3nica:<\/strong>\u00a0Diagonal 31 # 78-100, Cartagena<br \/><strong>Dismerca Turbaco:<\/strong>\u00a0Av. Pastrana Carrera 15 # 24-16, Turbaco<br \/><strong>Dismerca Arjona:<\/strong>\u00a0Calle Juncal #43-65, Arjona<br \/><strong>Dismerca Lo Amador:<\/strong>\u00a0Av. Pedro de Heredia # 18b-231, Cartagena<br \/><strong>Dismerca Starker:<\/strong>\u00a0Av. San Martin # 4-115, local 4, Cartagena.<\/p><p>Tambi\u00e9n podr\u00e1s hacer el pago a trav\u00e9s de transferencia o consignaci\u00f3n bancaria en la cuenta de Dismerca del Caribe (la cual ser\u00e1 informada por CrediOrbe).<\/p><p><strong>Si tu producto es Motocarro, el punto de venta para recaudo es:<\/strong><\/p><p><strong>Dismerca Turbaco:<\/strong>\u00a0Av. Pastrana Carrera 15 # 24-16, Turbaco.<\/p><\/td><td style=\"width: 336px;\"><h3>\u00a0<\/h3><\/td><\/tr><tr><td style=\"width: 723px;\"><h3>\u00a0<\/h3><h3>Cali<\/h3><p><strong>Disdemotos Guayaquil<\/strong>: Calle 14 # 18 \u2013 55 Cali<br \/><strong>Disdemotos Palmira Centro:<\/strong>\u00a0Calle 28 28 75 \u2013 Palmira \u2013 Valle<\/p><\/td><td style=\"width: 336px;\"><h3>\u00a0<\/h3><\/td><\/tr><\/tbody><\/table><\/div>\n\t\t\t\t<\/div>\n\t\t\t\t\t\t\t<div class=\"elementor-accordion-item\">\n\t\t\t\t\t<div id=\"elementor-tab-title-5304\" class=\"elementor-tab-title\" data-tab=\"4\" role=\"button\" aria-controls=\"elementor-tab-content-5304\" aria-expanded=\"false\">\n\t\t\t\t\t\t\t\t\t\t\t\t\t<span class=\"elementor-accordion-icon elementor-accordion-icon-right\" aria-hidden=\"true\">\n\t\t\t\t\t\t\t\t\t\t\t\t\t\t\t<span class=\"elementor-accordion-icon-closed\"><i class=\"fas fa-plus\"><\/i><\/span>\n\t\t\t\t\t\t\t\t<span class=\"elementor-accordion-icon-opened\"><i class=\"fas fa-minus\"><\/i><\/span>\n\t\t\t\t\t\t\t\t\t\t\t\t\t\t<\/span>\n\t\t\t\t\t\t\t\t\t\t\t\t<a class=\"elementor-accordion-title\" tabindex=\"0\">\u00a1Paga con tu tarjeta de recaudo o estado de cuenta!<\/a>\n\t\t\t\t\t<\/div>\n\t\t\t\t\t<div id=\"elementor-tab-content-5304\" class=\"elementor-tab-content elementor-clearfix\" data-tab=\"4\" role=\"region\" aria-labelledby=\"elementor-tab-title-5304\"><p>Dir\u00edgete a los puntos de pago autorizados con tu estado de cuenta o tarjeta de recaudo y haz tu pago.<\/p><table style=\"width: auto;\" border=\"0\" cellspacing=\"1\" cellpadding=\"1\"><tbody><tr><td><img decoding=\"async\" style=\"height: 100px; width: 200px;\" title=\"Puntos de pago 6\" src=\"https:\/\/www.crediorbe.com\/wp-content\/uploads\/2019\/12\/SurtiMax.png\" alt=\"surtimax punto de pago crediorbe\" \/><\/td><td><img decoding=\"async\" style=\"height: 100px; width: 200px;\" title=\"Puntos de pago 8\" src=\"https:\/\/www.crediorbe.com\/wp-content\/uploads\/2019\/12\/Exito.png\" alt=\"exito punto de pago crediorbe\" \/><\/td><td><img decoding=\"async\" style=\"height: 100px; width: 200px;\" title=\"Puntos de pago 10\" src=\"https:\/\/www.crediorbe.com\/wp-content\/uploads\/2019\/12\/Carulla.png\" alt=\"carulla punto de pago crediorbe\" \/><\/td><\/tr><tr><td><img decoding=\"async\" style=\"height: 100px; width: 200px;\" title=\"Puntos de pago 7\" src=\"https:\/\/www.crediorbe.com\/wp-content\/uploads\/2019\/12\/Davivienda.png\" alt=\"davivienda punto de pago crediorbe\" \/><\/td><td><img decoding=\"async\" style=\"height: 100px; width: 200px;\" title=\"Puntos de pago 9\" src=\"https:\/\/www.crediorbe.com\/wp-content\/uploads\/2021\/05\/BancolombiaNuevo.png\" alt=\"Bancolombia Punto de Pago CrediOrbe\" \/><\/td><td><img decoding=\"async\" style=\"height: 100px; width: 200px;\" title=\"Puntos de pago 11\" src=\"https:\/\/www.crediorbe.com\/wp-content\/uploads\/2019\/12\/Banco-de-Bogota.png\" alt=\"banco de bogota punto de pago crediorbe\" \/><\/td><\/tr><\/tbody><\/table><\/div>\n\t\t\t\t<\/div>\n\t\t\t\t\t\t\t<div class=\"elementor-accordion-item\">\n\t\t\t\t\t<div id=\"elementor-tab-title-5305\" class=\"elementor-tab-title\" data-tab=\"5\" role=\"button\" aria-controls=\"elementor-tab-content-5305\" aria-expanded=\"false\">\n\t\t\t\t\t\t\t\t\t\t\t\t\t<span class=\"elementor-accordion-icon elementor-accordion-icon-right\" aria-hidden=\"true\">\n\t\t\t\t\t\t\t\t\t\t\t\t\t\t\t<span class=\"elementor-accordion-icon-closed\"><i class=\"fas fa-plus\"><\/i><\/span>\n\t\t\t\t\t\t\t\t<span class=\"elementor-accordion-icon-opened\"><i class=\"fas fa-minus\"><\/i><\/span>\n\t\t\t\t\t\t\t\t\t\t\t\t\t\t<\/span>\n\t\t\t\t\t\t\t\t\t\t\t\t<a class=\"elementor-accordion-title\" tabindex=\"0\">\u00a1Paga con la referencia de tu cr\u00e9dito!<\/a>\n\t\t\t\t\t<\/div>\n\t\t\t\t\t<div id=\"elementor-tab-content-5305\" class=\"elementor-tab-content elementor-clearfix\" data-tab=\"5\" role=\"region\" aria-labelledby=\"elementor-tab-title-5305\">Tambi\u00e9n podr\u00e1s ir a este banco, informando los datos de convenio\n<table style=\"width: auto;\" border=\"0\" cellspacing=\"1\" cellpadding=\"1\">\n<tbody>\n<tr>\n<td style=\"width: 361px;\">Convenio: 34482\n<strong>Sucursal virtual:<\/strong>\u00a0Convenio 34130 | NIT 900.335.259<\/td>\n<td style=\"width: 213px;\">\u00a0 \u00a0 <img decoding=\"async\" src=\"https:\/\/www.crediorbe.com\/wp-content\/uploads\/2021\/05\/BancolombiaNuevo.png\" alt=\"Bancolombia Punto de Pago CrediOrbe\" \/><\/td>\n<\/tr>\n<\/tbody>\n<\/table><\/div>\n\t\t\t\t<\/div>\n\t\t\t\t\t\t\t\t<\/div>\n\t\t\t\t<\/div>\n\t\t\t\t<\/div>\n\t\t\t\t\t<\/div>\n\t\t<\/div>\n\t\t\t\t\t<\/div>\n\t\t<\/section>\n\t\t\t\t<section class=\"elementor-section elementor-top-section elementor-element elementor-element-5929b84 elementor-section-boxed elementor-section-height-default elementor-section-height-default\" data-id=\"5929b84\" data-element_type=\"section\">\n\t\t\t\t\t\t<div class=\"elementor-container elementor-column-gap-default\">\n\t\t\t\t\t<div class=\"elementor-column elementor-col-100 elementor-top-column elementor-element elementor-element-73450a9\" data-id=\"73450a9\" data-element_type=\"column\">\n\t\t\t<div class=\"elementor-widget-wrap elementor-element-populated\">\n\t\t\t\t\t\t<div class=\"elementor-element elementor-element-6adc236 elementor-widget elementor-widget-spacer\" data-id=\"6adc236\" data-element_type=\"widget\" data-widget_type=\"spacer.default\">\n\t\t\t\t<div class=\"elementor-widget-container\">\n\t\t\t\t\t<div class=\"elementor-spacer\">\n\t\t\t<div class=\"elementor-spacer-inner\"><\/div>\n\t\t<\/div>\n\t\t\t\t<\/div>\n\t\t\t\t<\/div>\n\t\t\t\t\t<\/div>\n\t\t<\/div>\n\t\t\t\t\t<\/div>\n\t\t<\/section>\n\t\t\t\t<\/div>\n\t\t","protected":false},"excerpt":{"rendered":"<p>Elige por d\u00f3nde hacer tu pago Paga con tu c\u00e9dula Ac\u00e9rcate solo con tu c\u00e9dula a cualquiera a los&nbsp;puntos de pago Efecty a nivel nacional&nbsp;y realiza tu pago N\u00famero de <\/p>\n","protected":false},"author":1,"featured_media":0,"parent":0,"menu_order":0,"comment_status":"closed","ping_status":"closed","template":"samar_homepage.php","meta":{"footnotes":""},"class_list":["post-2904","page","type-page","status-publish","hentry"],"_links":{"self":[{"href":"https:\/\/www.avalogicsas.com\/index.php\/wp-json\/wp\/v2\/pages\/2904","targetHints":{"allow":["GET"]}}],"collection":[{"href":"https:\/\/www.avalogicsas.com\/index.php\/wp-json\/wp\/v2\/pages"}],"about":[{"href":"https:\/\/www.avalogicsas.com\/index.php\/wp-json\/wp\/v2\/types\/page"}],"author":[{"embeddable":true,"href":"https:\/\/www.avalogicsas.com\/index.php\/wp-json\/wp\/v2\/users\/1"}],"replies":[{"embeddable":true,"href":"https:\/\/www.avalogicsas.com\/index.php\/wp-json\/wp\/v2\/comments?post=2904"}],"version-history":[{"count":59,"href":"https:\/\/www.avalogicsas.com\/index.php\/wp-json\/wp\/v2\/pages\/2904\/revisions"}],"predecessor-version":[{"id":3578,"href":"https:\/\/www.avalogicsas.com\/index.php\/wp-json\/wp\/v2\/pages\/2904\/revisions\/3578"}],"wp:attachment":[{"href":"https:\/\/www.avalogicsas.com\/index.php\/wp-json\/wp\/v2\/media?parent=2904"}],"curies":[{"name":"wp","href":"https:\/\/api.w.org\/{rel}","templated":true}]}}